{"id":7,"date":"2023-01-31T07:58:24","date_gmt":"2023-01-31T10:58:24","guid":{"rendered":"http:\/\/dramabarroco.com\/almadamarca\/?page_id=7"},"modified":"2026-04-24T18:44:37","modified_gmt":"2026-04-24T21:44:37","slug":"qual-marca-voce-quer-deixar-no-mundo","status":"publish","type":"page","link":"https:\/\/mechamademkt.com\/guia-da-alma-da-marca\/","title":{"rendered":"Transforme seu neg\u00f3cio em um \u00edm\u00e3 de clientes"},"content":{"rendered":"<p><strong>Assista ao v\u00eddeo e descubra como criar uma Marca com Alma que se destaca da concorr\u00eancia, engaja comunidades e vende sem esfor\u00e7o.<\/strong><\/p>\n","protected":false},"excerpt":{"rendered":"<p>Assista ao v\u00eddeo e descubra como criar uma Marca com Alma que se destaca da concorr\u00eancia, engaja comunidades e vende sem esfor\u00e7o.<\/p>\n","protected":false},"author":1,"featured_media":115,"parent":0,"menu_order":11,"comment_status":"closed","ping_status":"closed","template":"index.php","meta":{"_acf_changed":false,"_joinchat":[],"footnotes":""},"class_list":["post-7","page","type-page","status-publish","has-post-thumbnail","hentry"],"acf":[],"_links":{"self":[{"href":"https:\/\/mechamademkt.com\/guia-da-alma-da-marca\/wp-json\/wp\/v2\/pages\/7","targetHints":{"allow":["GET"]}}],"collection":[{"href":"https:\/\/mechamademkt.com\/guia-da-alma-da-marca\/wp-json\/wp\/v2\/pages"}],"about":[{"href":"https:\/\/mechamademkt.com\/guia-da-alma-da-marca\/wp-json\/wp\/v2\/types\/page"}],"author":[{"embeddable":true,"href":"https:\/\/mechamademkt.com\/guia-da-alma-da-marca\/wp-json\/wp\/v2\/users\/1"}],"replies":[{"embeddable":true,"href":"https:\/\/mechamademkt.com\/guia-da-alma-da-marca\/wp-json\/wp\/v2\/comments?post=7"}],"version-history":[{"count":25,"href":"https:\/\/mechamademkt.com\/guia-da-alma-da-marca\/wp-json\/wp\/v2\/pages\/7\/revisions"}],"predecessor-version":[{"id":210,"href":"https:\/\/mechamademkt.com\/guia-da-alma-da-marca\/wp-json\/wp\/v2\/pages\/7\/revisions\/210"}],"wp:featuredmedia":[{"embeddable":true,"href":"https:\/\/mechamademkt.com\/guia-da-alma-da-marca\/wp-json\/wp\/v2\/media\/115"}],"wp:attachment":[{"href":"https:\/\/mechamademkt.com\/guia-da-alma-da-marca\/wp-json\/wp\/v2\/media?parent=7"}],"curies":[{"name":"wp","href":"https:\/\/api.w.org\/{rel}","templated":true}]}}